{"id":1163,"date":"2025-11-01T22:53:04","date_gmt":"2025-11-02T04:53:04","guid":{"rendered":"https:\/\/itzufishing.com\/product\/5-hour-inshore-nearshore-fishing-trip-banderas-bay\/"},"modified":"2026-02-20T13:54:52","modified_gmt":"2026-02-20T19:54:52","slug":"5-hour-inshore-nearshore-fishing-trip-banderas-bay","status":"publish","type":"product","link":"https:\/\/itzufishing.com\/es\/producto\/5-hour-inshore-nearshore-fishing-trip-banderas-bay\/","title":{"rendered":"Pesca de 5 horas Inshore\/Nearshore \u2013 Bah\u00eda de Banderas"},"content":{"rendered":"<p>Disfruta una emocionante aventura de pesca de 5 horas explorando las ricas aguas costeras de la Bah\u00eda de Banderas. Este tour es perfecto para pescadores de todos los niveles que desean experimentar una gran jornada de pesca cerca de la costa, mientras disfrutan de las impresionantes vistas del litoral de Puerto Vallarta.<\/p>\n<p>Durante el recorrido podr\u00e1s capturar especies como dorado (mahi mahi), jurel, sierra, barrilete y gallo, seg\u00fan la temporada. Adem\u00e1s, es com\u00fan observar delfines, tortugas marinas y otras especies marinas durante el viaje.<\/p>\n<p>Nuestra tripulaci\u00f3n profesional te proporcionar\u00e1 todo el equipo de pesca, carnada y bebidas refrescantes \u2014\u00a1solo necesitas traer tu esp\u00edritu aventurero!<\/p>\n","protected":false},"excerpt":{"rendered":"<p>Disfruta una emocionante aventura de pesca de 5 horas explorando las ricas aguas costeras de la Bah\u00eda de Banderas. Este tour es perfecto para pescadores de todos los niveles que desean experimentar una gran jornada de pesca cerca de la costa, mientras disfrutan de las impresionantes vistas del litoral de Puerto Vallarta.<\/p>\n[itzu_product_attributes_table show_title=\"true\" title=\"Detalles\"]\n","protected":false},"featured_media":1164,"template":"","meta":{"_kad_post_transparent":"default","_kad_post_title":"","_kad_post_layout":"default","_kad_post_sidebar_id":"","_kad_post_content_style":"default","_kad_post_vertical_padding":"default","_kad_post_feature":"","_kad_post_feature_position":"","_kad_post_header":false,"_kad_post_footer":false,"_joinchat":[]},"product_brand":[],"product_cat":[39,44],"product_tag":[],"class_list":{"0":"post-1163","1":"product","2":"type-product","3":"status-publish","4":"has-post-thumbnail","6":"product_cat-fishing-tours","7":"product_cat-half-day","9":"first","10":"instock","11":"sold-individually","12":"shipping-taxable","13":"purchasable","14":"product-type-booking","15":"entry","16":"content-bg","17":"loop-entry"},"booking_location":"","booking_location_type":"","booking_duration":1,"booking_duration_unit":"day","booking_buffer":0,"booking_cost":7000,"booking_resources":[],"aioseo_notices":[],"_links":{"self":[{"href":"https:\/\/itzufishing.com\/es\/wp-json\/wp\/v2\/product\/1163","targetHints":{"allow":["GET"]}}],"collection":[{"href":"https:\/\/itzufishing.com\/es\/wp-json\/wp\/v2\/product"}],"about":[{"href":"https:\/\/itzufishing.com\/es\/wp-json\/wp\/v2\/types\/product"}],"wp:featuredmedia":[{"embeddable":true,"href":"https:\/\/itzufishing.com\/es\/wp-json\/wp\/v2\/media\/1164"}],"wp:attachment":[{"href":"https:\/\/itzufishing.com\/es\/wp-json\/wp\/v2\/media?parent=1163"}],"wp:term":[{"taxonomy":"product_brand","embeddable":true,"href":"https:\/\/itzufishing.com\/es\/wp-json\/wp\/v2\/product_brand?post=1163"},{"taxonomy":"product_cat","embeddable":true,"href":"https:\/\/itzufishing.com\/es\/wp-json\/wp\/v2\/product_cat?post=1163"},{"taxonomy":"product_tag","embeddable":true,"href":"https:\/\/itzufishing.com\/es\/wp-json\/wp\/v2\/product_tag?post=1163"}],"curies":[{"name":"wp","href":"https:\/\/api.w.org\/{rel}","templated":true}]}}