{"id":1159,"date":"2025-11-01T22:40:29","date_gmt":"2025-11-02T04:40:29","guid":{"rendered":"https:\/\/itzufishing.com\/product\/3-4-day-fish-chill-tour-6-hours\/"},"modified":"2026-02-20T13:55:51","modified_gmt":"2026-02-20T19:55:51","slug":"3-4-day-fish-chill-tour-6-hours","status":"publish","type":"product","link":"https:\/\/itzufishing.com\/es\/producto\/3-4-day-fish-chill-tour-6-hours\/","title":{"rendered":"Tour de Pesca y Relajaci\u00f3n 3\/4 D\u00eda \u2013 6 Horas"},"content":{"rendered":"<p>Disfruta la combinaci\u00f3n perfecta de pesca y descanso a bordo de nuestra c\u00f3moda embarcaci\u00f3n en la hermosa Bah\u00eda de Banderas. Esta aventura de 6 horas es ideal para quienes desean pasar m\u00e1s tiempo en el mar sin comprometerse a un d\u00eda completo.<\/p>\n<p>Comenzaremos pescando especies locales como dorado (mahi-mahi) y pez vela, seg\u00fan la temporada. Despu\u00e9s de la emoci\u00f3n de la pesca, podemos visitar la playa de Las \u00c1nimas, un hermoso lugar al que solo se puede acceder por mar, donde encontrar\u00e1s restaurantes con palapas a la orilla del mar para disfrutar de una deliciosa comida con los pies en la arena. Tambi\u00e9n podr\u00e1s nadar, hacer esn\u00f3rquel o simplemente relajarte y admirar el paisaje.<\/p>\n<p>Perfecto para familias, parejas o grupos de amigos que desean pescar, explorar y relajarse en una misma experiencia.<\/p>\n","protected":false},"excerpt":{"rendered":"<p>Disfruta la combinaci\u00f3n perfecta de pesca y descanso a bordo de nuestra c\u00f3moda embarcaci\u00f3n en la hermosa Bah\u00eda de Banderas. Esta aventura de 6 horas es ideal para quienes desean pasar m\u00e1s tiempo en el mar sin comprometerse a un d\u00eda completo.<\/p>\n<p>Perfecto para familias, parejas o grupos de amigos que desean pescar, explorar y relajarse en una misma experiencia.<\/p>\n[itzu_product_attributes_table show_title=\"true\" title=\"Detalles\"]\n","protected":false},"featured_media":1165,"template":"","meta":{"_kad_post_transparent":"default","_kad_post_title":"","_kad_post_layout":"default","_kad_post_sidebar_id":"","_kad_post_content_style":"default","_kad_post_vertical_padding":"default","_kad_post_feature":"","_kad_post_feature_position":"","_kad_post_header":false,"_kad_post_footer":false,"_joinchat":[]},"product_brand":[],"product_cat":[43,39],"product_tag":[],"class_list":{"0":"post-1159","1":"product","2":"type-product","3":"status-publish","4":"has-post-thumbnail","6":"product_cat-3-4-day","7":"product_cat-fishing-tours","9":"first","10":"instock","11":"sold-individually","12":"shipping-taxable","13":"purchasable","14":"product-type-booking","15":"entry","16":"content-bg","17":"loop-entry"},"booking_location":"","booking_location_type":"","booking_duration":1,"booking_duration_unit":"day","booking_buffer":0,"booking_cost":8000,"booking_resources":[],"aioseo_notices":[],"_links":{"self":[{"href":"https:\/\/itzufishing.com\/es\/wp-json\/wp\/v2\/product\/1159","targetHints":{"allow":["GET"]}}],"collection":[{"href":"https:\/\/itzufishing.com\/es\/wp-json\/wp\/v2\/product"}],"about":[{"href":"https:\/\/itzufishing.com\/es\/wp-json\/wp\/v2\/types\/product"}],"wp:featuredmedia":[{"embeddable":true,"href":"https:\/\/itzufishing.com\/es\/wp-json\/wp\/v2\/media\/1165"}],"wp:attachment":[{"href":"https:\/\/itzufishing.com\/es\/wp-json\/wp\/v2\/media?parent=1159"}],"wp:term":[{"taxonomy":"product_brand","embeddable":true,"href":"https:\/\/itzufishing.com\/es\/wp-json\/wp\/v2\/product_brand?post=1159"},{"taxonomy":"product_cat","embeddable":true,"href":"https:\/\/itzufishing.com\/es\/wp-json\/wp\/v2\/product_cat?post=1159"},{"taxonomy":"product_tag","embeddable":true,"href":"https:\/\/itzufishing.com\/es\/wp-json\/wp\/v2\/product_tag?post=1159"}],"curies":[{"name":"wp","href":"https:\/\/api.w.org\/{rel}","templated":true}]}}