{"id":1082,"date":"2025-08-28T21:24:11","date_gmt":"2025-08-28T21:24:11","guid":{"rendered":"https:\/\/itzufishing.com\/product\/3-4-day-fishing-inshore-offshore\/"},"modified":"2026-02-20T14:02:27","modified_gmt":"2026-02-20T20:02:27","slug":"3-4-day-fishing-inshore-offshore","status":"publish","type":"product","link":"https:\/\/itzufishing.com\/es\/producto\/3-4-day-fishing-inshore-offshore\/","title":{"rendered":"Pesca de 3\/4 D\u00eda Inshore \/ Offshore"},"content":{"rendered":"<p>Vive una incre\u00edble aventura de pesca de 6 horas en las hermosas aguas de la Bah\u00eda de Banderas. Este tour es ideal para quienes desean pasar m\u00e1s tiempo en el mar explorando tanto zonas cercanas a la costa como mar abierto, en busca de diferentes especies seg\u00fan la temporada.<\/p>\n<p>Nuestra tripulaci\u00f3n experimentada te guiar\u00e1 hacia las mejores \u00e1reas de pesca mientras disfrutas de las impresionantes vistas de la costa de Puerto Vallarta. Ya seas principiante o pescador con experiencia, este recorrido ofrece el equilibrio perfecto entre acci\u00f3n, comodidad y diversi\u00f3n a bordo.<\/p>\n<p>Especies objetivo:<br \/>\nDorado (Mahi Mahi), Pez Gallo, Pargo, Jurel, Bonita, Sierra y Pez Vela (seg\u00fan la temporada y la distancia de la costa).<\/p>\n","protected":false},"excerpt":{"rendered":"<p>Vive una incre\u00edble aventura de pesca de 6 horas en las hermosas aguas de la Bah\u00eda de Banderas. Este tour es ideal para quienes desean pasar m\u00e1s tiempo en el mar explorando tanto zonas cercanas a la costa como mar abierto, en busca de diferentes especies seg\u00fan la temporada.<\/p>\n[itzu_product_attributes_table show_title=\"true\" title=\"Detalles\"]\n","protected":false},"featured_media":1083,"template":"","meta":{"_kad_post_transparent":"default","_kad_post_title":"","_kad_post_layout":"default","_kad_post_sidebar_id":"","_kad_post_content_style":"default","_kad_post_vertical_padding":"default","_kad_post_feature":"","_kad_post_feature_position":"","_kad_post_header":false,"_kad_post_footer":false,"_joinchat":[]},"product_brand":[],"product_cat":[39,41],"product_tag":[],"class_list":{"0":"post-1082","1":"product","2":"type-product","3":"status-publish","4":"has-post-thumbnail","6":"product_cat-fishing-tours","7":"product_cat-sport-fishing","9":"first","10":"instock","11":"sold-individually","12":"shipping-taxable","13":"purchasable","14":"product-type-booking","15":"entry","16":"content-bg","17":"loop-entry"},"booking_location":"","booking_location_type":"","booking_duration":1,"booking_duration_unit":"day","booking_buffer":2,"booking_cost":8000,"booking_resources":[],"aioseo_notices":[],"_links":{"self":[{"href":"https:\/\/itzufishing.com\/es\/wp-json\/wp\/v2\/product\/1082","targetHints":{"allow":["GET"]}}],"collection":[{"href":"https:\/\/itzufishing.com\/es\/wp-json\/wp\/v2\/product"}],"about":[{"href":"https:\/\/itzufishing.com\/es\/wp-json\/wp\/v2\/types\/product"}],"wp:featuredmedia":[{"embeddable":true,"href":"https:\/\/itzufishing.com\/es\/wp-json\/wp\/v2\/media\/1083"}],"wp:attachment":[{"href":"https:\/\/itzufishing.com\/es\/wp-json\/wp\/v2\/media?parent=1082"}],"wp:term":[{"taxonomy":"product_brand","embeddable":true,"href":"https:\/\/itzufishing.com\/es\/wp-json\/wp\/v2\/product_brand?post=1082"},{"taxonomy":"product_cat","embeddable":true,"href":"https:\/\/itzufishing.com\/es\/wp-json\/wp\/v2\/product_cat?post=1082"},{"taxonomy":"product_tag","embeddable":true,"href":"https:\/\/itzufishing.com\/es\/wp-json\/wp\/v2\/product_tag?post=1082"}],"curies":[{"name":"wp","href":"https:\/\/api.w.org\/{rel}","templated":true}]}}