{"id":1076,"date":"2025-08-28T21:24:14","date_gmt":"2025-08-28T21:24:14","guid":{"rendered":"https:\/\/itzufishing.com\/product\/full-day-offshore-big-game-fishing\/"},"modified":"2026-02-20T13:58:55","modified_gmt":"2026-02-20T19:58:55","slug":"full-day-offshore-big-game-fishing","status":"publish","type":"product","link":"https:\/\/itzufishing.com\/es\/producto\/full-day-offshore-big-game-fishing\/","title":{"rendered":"Pesca de Gran Porte \u2013 Todo el D\u00eda"},"content":{"rendered":"<p>Vive la emoci\u00f3n de una jornada completa de pesca en alta mar en las aguas de la Bah\u00eda de Banderas. Nuestro tour de pesca de gran porte de 8 horas est\u00e1 dise\u00f1ado para los verdaderos amantes de la pesca que buscan capturar especies impresionantes como marl\u00edn, pez vela, dorado (mahi-mahi) y at\u00fan, dependiendo de la temporada.<\/p>\n<p>Disfruta de un d\u00eda lleno de aventura a bordo de nuestra embarcaci\u00f3n equipada con todo lo necesario para una experiencia segura y emocionante. Nuestro experimentado equipo te guiar\u00e1 a los mejores puntos de pesca, mientras t\u00fa te concentras en sentir la adrenalina de cada captura.<\/p>\n","protected":false},"excerpt":{"rendered":"<p>Vive la emoci\u00f3n de una jornada completa de pesca en alta mar en las aguas de la Bah\u00eda de Banderas. Nuestro tour de pesca de gran porte de 8 horas est\u00e1 dise\u00f1ado para los verdaderos amantes de la pesca que buscan capturar especies impresionantes como marl\u00edn, pez vela, dorado (mahi-mahi) y at\u00fan, dependiendo de la temporada.<\/p>\n[itzu_product_attributes_table show_title=\"true\" title=\"Detalles\"]\n","protected":false},"featured_media":1077,"template":"","meta":{"_kad_post_transparent":"default","_kad_post_title":"","_kad_post_layout":"default","_kad_post_sidebar_id":"","_kad_post_content_style":"default","_kad_post_vertical_padding":"default","_kad_post_feature":"","_kad_post_feature_position":"","_kad_post_header":false,"_kad_post_footer":false,"_joinchat":[]},"product_brand":[],"product_cat":[39,41],"product_tag":[],"class_list":{"0":"post-1076","1":"product","2":"type-product","3":"status-publish","4":"has-post-thumbnail","6":"product_cat-fishing-tours","7":"product_cat-sport-fishing","9":"first","10":"instock","11":"sold-individually","12":"shipping-taxable","13":"purchasable","14":"product-type-booking","15":"entry","16":"content-bg","17":"loop-entry"},"booking_location":"","booking_location_type":"","booking_duration":1,"booking_duration_unit":"day","booking_buffer":0,"booking_cost":12700,"booking_resources":[],"aioseo_notices":[],"_links":{"self":[{"href":"https:\/\/itzufishing.com\/es\/wp-json\/wp\/v2\/product\/1076","targetHints":{"allow":["GET"]}}],"collection":[{"href":"https:\/\/itzufishing.com\/es\/wp-json\/wp\/v2\/product"}],"about":[{"href":"https:\/\/itzufishing.com\/es\/wp-json\/wp\/v2\/types\/product"}],"wp:featuredmedia":[{"embeddable":true,"href":"https:\/\/itzufishing.com\/es\/wp-json\/wp\/v2\/media\/1077"}],"wp:attachment":[{"href":"https:\/\/itzufishing.com\/es\/wp-json\/wp\/v2\/media?parent=1076"}],"wp:term":[{"taxonomy":"product_brand","embeddable":true,"href":"https:\/\/itzufishing.com\/es\/wp-json\/wp\/v2\/product_brand?post=1076"},{"taxonomy":"product_cat","embeddable":true,"href":"https:\/\/itzufishing.com\/es\/wp-json\/wp\/v2\/product_cat?post=1076"},{"taxonomy":"product_tag","embeddable":true,"href":"https:\/\/itzufishing.com\/es\/wp-json\/wp\/v2\/product_tag?post=1076"}],"curies":[{"name":"wp","href":"https:\/\/api.w.org\/{rel}","templated":true}]}}