{"id":1074,"date":"2025-08-28T21:24:16","date_gmt":"2025-08-28T21:24:16","guid":{"rendered":"https:\/\/itzufishing.com\/product\/12-hour-big-game-marathon\/"},"modified":"2026-02-20T13:56:37","modified_gmt":"2026-02-20T19:56:37","slug":"12-hour-big-game-marathon","status":"publish","type":"product","link":"https:\/\/itzufishing.com\/es\/producto\/12-hour-big-game-marathon\/","title":{"rendered":"Marat\u00f3n de Pesca de Gran Porte de 12 Horas a El Banco"},"content":{"rendered":"<p>Emb\u00e1rcate en la m\u00e1xima aventura de pesca con nuestro Marat\u00f3n de 12 horas a El Banco, el famoso punto de pesca en alta mar. Perfecto para pescadores apasionados que buscan la emoci\u00f3n de capturar peces de gran tama\u00f1o, esta excursi\u00f3n de d\u00eda completo te llevar\u00e1 a las profundas aguas de la Bah\u00eda de Banderas, donde abundan las especies de gran porte.<\/p>\n<p>Nuestro experimentado equipo brinda orientaci\u00f3n profesional para ayudarte a capturar una variedad de especies emocionantes, como Marlin, Pez Vela, Dorado, At\u00fan y Wahoo, seg\u00fan la temporada. Proveemos todo el equipo de pesca, carnada viva, aparejos y la licencia necesaria, para que solo te concentres en atrapar el gran pez.<\/p>\n<p>Mantente hidratado con agua embotellada y hielo mientras disfrutas de un d\u00eda completo de pesca, vistas impresionantes del oc\u00e9ano y la emoci\u00f3n de perseguir algunas de las especies m\u00e1s codiciadas de la regi\u00f3n.<\/p>\n<p>Ya seas un pescador experimentado o est\u00e9s buscando tu primer trofeo, este marat\u00f3n de 12 horas es una aventura inolvidable en alta mar que no querr\u00e1s perderte.<\/p>\n","protected":false},"excerpt":{"rendered":"<p>Emb\u00e1rcate en la m\u00e1xima aventura de pesca con nuestro Marat\u00f3n de 12 horas a El Banco, el famoso punto de pesca en alta mar. Perfecto para pescadores apasionados que buscan la emoci\u00f3n de capturar peces de gran tama\u00f1o, esta excursi\u00f3n de d\u00eda completo te llevar\u00e1 a las profundas aguas de la Bah\u00eda de Banderas, donde abundan las especies de gran porte.<\/p>\n[itzu_product_attributes_table show_title=\"true\" title=\"Detalles\"]\n","protected":false},"featured_media":988,"template":"","meta":{"_kad_post_transparent":"default","_kad_post_title":"","_kad_post_layout":"default","_kad_post_sidebar_id":"","_kad_post_content_style":"default","_kad_post_vertical_padding":"default","_kad_post_feature":"","_kad_post_feature_position":"","_kad_post_header":false,"_kad_post_footer":false,"_joinchat":[]},"product_brand":[],"product_cat":[39,40,41],"product_tag":[],"class_list":{"0":"post-1074","1":"product","2":"type-product","3":"status-publish","4":"has-post-thumbnail","6":"product_cat-fishing-tours","7":"product_cat-full-day","8":"product_cat-sport-fishing","10":"first","11":"instock","12":"sold-individually","13":"purchasable","14":"product-type-booking","15":"entry","16":"content-bg","17":"loop-entry"},"booking_location":"","booking_location_type":"","booking_duration":1,"booking_duration_unit":"day","booking_buffer":0,"booking_cost":21300,"booking_resources":[],"aioseo_notices":[],"_links":{"self":[{"href":"https:\/\/itzufishing.com\/es\/wp-json\/wp\/v2\/product\/1074","targetHints":{"allow":["GET"]}}],"collection":[{"href":"https:\/\/itzufishing.com\/es\/wp-json\/wp\/v2\/product"}],"about":[{"href":"https:\/\/itzufishing.com\/es\/wp-json\/wp\/v2\/types\/product"}],"wp:featuredmedia":[{"embeddable":true,"href":"https:\/\/itzufishing.com\/es\/wp-json\/wp\/v2\/media\/988"}],"wp:attachment":[{"href":"https:\/\/itzufishing.com\/es\/wp-json\/wp\/v2\/media?parent=1074"}],"wp:term":[{"taxonomy":"product_brand","embeddable":true,"href":"https:\/\/itzufishing.com\/es\/wp-json\/wp\/v2\/product_brand?post=1074"},{"taxonomy":"product_cat","embeddable":true,"href":"https:\/\/itzufishing.com\/es\/wp-json\/wp\/v2\/product_cat?post=1074"},{"taxonomy":"product_tag","embeddable":true,"href":"https:\/\/itzufishing.com\/es\/wp-json\/wp\/v2\/product_tag?post=1074"}],"curies":[{"name":"wp","href":"https:\/\/api.w.org\/{rel}","templated":true}]}}