{"id":904,"date":"2024-05-20T05:34:29","date_gmt":"2024-05-20T11:34:29","guid":{"rendered":"http:\/\/3.81.60.57\/carrito\/"},"modified":"2025-10-12T21:12:27","modified_gmt":"2025-10-13T03:12:27","slug":"carrito","status":"publish","type":"page","link":"https:\/\/itzufishing.com\/es\/carrito\/","title":{"rendered":"Carrito"},"content":{"rendered":"\n<div data-block-name=\"woocommerce\/cart\" class=\"wp-block-woocommerce-cart alignwide is-loading\">\n<div data-block-name=\"woocommerce\/filled-cart-block\" class=\"wp-block-woocommerce-filled-cart-block\">\n<div data-block-name=\"woocommerce\/cart-items-block\" class=\"wp-block-woocommerce-cart-items-block\">\n<div data-block-name=\"woocommerce\/cart-line-items-block\" class=\"wp-block-woocommerce-cart-line-items-block\"><\/div>\n\n\n<\/div>\n\n\n\n\n<div data-block-name=\"woocommerce\/cart-totals-block\" class=\"wp-block-woocommerce-cart-totals-block\">\n<div data-block-name=\"woocommerce\/cart-order-summary-block\" class=\"wp-block-woocommerce-cart-order-summary-block\">\n<div data-block-name=\"woocommerce\/cart-order-summary-heading-block\" class=\"wp-block-woocommerce-cart-order-summary-heading-block\"><\/div><div data-block-name=\"woocommerce\/cart-order-summary-coupon-form-block\" class=\"wp-block-woocommerce-cart-order-summary-coupon-form-block\"><\/div><div data-block-name=\"woocommerce\/cart-order-summary-totals-block\" class=\"wp-block-woocommerce-cart-order-summary-totals-block\">\n<div data-block-name=\"woocommerce\/cart-order-summary-subtotal-block\" class=\"wp-block-woocommerce-cart-order-summary-subtotal-block\"><\/div>\n<div data-block-name=\"woocommerce\/cart-order-summary-discount-block\" class=\"wp-block-woocommerce-cart-order-summary-discount-block\"><\/div>\n<div data-block-name=\"woocommerce\/cart-order-summary-fee-block\" class=\"wp-block-woocommerce-cart-order-summary-fee-block\"><\/div>\n<div data-block-name=\"woocommerce\/cart-order-summary-shipping-block\" class=\"wp-block-woocommerce-cart-order-summary-shipping-block\"><\/div>\n<div data-block-name=\"woocommerce\/cart-order-summary-taxes-block\" class=\"wp-block-woocommerce-cart-order-summary-taxes-block\"><\/div><\/div>\n<\/div>\n\n\n\n<div data-block-name=\"woocommerce\/cart-express-payment-block\" class=\"wp-block-woocommerce-cart-express-payment-block\"><\/div>\n\n\n\n<div data-block-name=\"woocommerce\/proceed-to-checkout-block\" class=\"wp-block-woocommerce-proceed-to-checkout-block\"><\/div>\n\n\n\n<div data-block-name=\"woocommerce\/cart-accepted-payment-methods-block\" class=\"wp-block-woocommerce-cart-accepted-payment-methods-block\"><\/div>\n<\/div>\n<\/div>\n\n\n\n<div data-block-name=\"woocommerce\/empty-cart-block\" class=\"wp-block-woocommerce-empty-cart-block\">\n<h2 class=\"wp-block-heading has-text-align-center with-empty-cart-icon wc-block-cart__empty-cart__title\">\u00a1Tu carrito est\u00e1 actualmente vac\u00edo!<\/h2>\n\n\n\n<hr class=\"wp-block-separator has-alpha-channel-opacity is-style-dots\"\/>\n\n\n\n<h2 class=\"wp-block-heading has-text-align-center\">Nuevo en la tienda<\/h2>\n\n\n<div data-block-name=\"woocommerce\/product-new\" data-columns=\"4\" data-rows=\"1\" class=\"wc-block-grid wp-block-product-new wp-block-woocommerce-product-new wc-block-product-new has-4-columns\"><ul class=\"wc-block-grid__products\"><li class=\"wc-block-grid__product entry loop-entry content-bg woo-archive-action-visible woo-archive-btn-button product-loop-boxed woo-archive-image-hover-flip\"><a href=\"https:\/\/itzufishing.com\/es\/producto\/snorkeling-at-los-arcos-marine-national-park\/\" class=\"wc-block-grid__product-link woocommerce-loop-image-link woocommerce-LoopProduct-link woocommerce-loop-product__link\">\n\t\t\t\t\t<img fetchpriority=\"high\" decoding=\"async\" width=\"300\" height=\"300\" src=\"https:\/\/itzufishing.com\/wp-content\/uploads\/2025\/07\/36-300x300.jpg\" class=\"attachment-woocommerce_thumbnail size-woocommerce_thumbnail inwp-archive-product-image\" alt=\"Snorkeling en el Parque Nacional Marino Los Arcos\" srcset=\"https:\/\/itzufishing.com\/wp-content\/uploads\/2025\/07\/36-300x300.jpg 300w, https:\/\/itzufishing.com\/wp-content\/uploads\/2025\/07\/36-100x100.jpg 100w, https:\/\/itzufishing.com\/wp-content\/uploads\/2025\/07\/36-150x150.jpg 150w, https:\/\/itzufishing.com\/wp-content\/uploads\/2025\/07\/36-50x50.jpg 50w\" sizes=\"(max-width: 300px) 100vw, 300px\" \/>\n\t\t\t\t\t\n\t\t\t\t<\/a>\n\t\t\t\t<div class=\"product-details content-bg entry-content-wrap\">\n\t\t\t\t\t<a href=\"https:\/\/itzufishing.com\/es\/producto\/snorkeling-at-los-arcos-marine-national-park\/\" class=\"wc-block-grid__product-title-link\">\n\t\t\t\t\t\t<div class=\"wc-block-grid__product-title\">Snorkeling en el Parque Nacional Marino Los Arcos<\/div>\n\t\t\t\t\t<\/a>\n\t\t\t\t\t\n\t\t\t\t\t<div class=\"wc-block-grid__product-price price\"><span class=\"woocommerce-Price-amount amount\"><span class=\"woocommerce-Price-currencySymbol\">$<\/span> 6,000.00 MXN<\/span><\/div>\n\t\t\t\t\t<div class=\"wp-block-button wc-block-grid__product-add-to-cart\"><a href=\"https:\/\/itzufishing.com\/es\/producto\/snorkeling-at-los-arcos-marine-national-park\/\" aria-label=\"Lee m\u00e1s sobre &ldquo;Snorkeling en el Parque Nacional Marino Los Arcos&rdquo;\" data-quantity=\"1\" data-product_id=\"1395\" data-product_sku=\"\" rel=\"nofollow\" class=\"wp-block-button__link add_to_cart_button\">Leer m\u00e1s<span class=\"googly-svg-iconset svg-baseline\"><svg class=\"googly-svg-icon googly-spinner-svg\" fill=\"currentColor\" version=\"1.1\" xmlns=\"http:\/\/www.w3.org\/2000\/svg\" width=\"16\" height=\"16\" viewBox=\"0 0 16 16\"><title>Cargando<\/title><path d=\"M16 6h-6l2.243-2.243c-1.133-1.133-2.64-1.757-4.243-1.757s-3.109 0.624-4.243 1.757c-1.133 1.133-1.757 2.64-1.757 4.243s0.624 3.109 1.757 4.243c1.133 1.133 2.64 1.757 4.243 1.757s3.109-0.624 4.243-1.757c0.095-0.095 0.185-0.192 0.273-0.292l1.505 1.317c-1.466 1.674-3.62 2.732-6.020 2.732-4.418 0-8-3.582-8-8s3.582-8 8-8c2.209 0 4.209 0.896 5.656 2.344l2.343-2.344v6z\"><\/path>\n\t\t\t\t<\/svg><\/span><span class=\"googly-svg-iconset svg-baseline\"><svg class=\"googly-svg-icon googly-check-svg\" fill=\"currentColor\" version=\"1.1\" xmlns=\"http:\/\/www.w3.org\/2000\/svg\" width=\"16\" height=\"16\" viewBox=\"0 0 16 16\"><title>Hecho<\/title><path d=\"M14 2.5l-8.5 8.5-3.5-3.5-1.5 1.5 5 5 10-10z\"><\/path>\n\t\t\t\t<\/svg><\/span><\/a><\/div>\n\t\t\t\t<\/div>\n\t\t\t<\/li><li class=\"wc-block-grid__product entry loop-entry content-bg woo-archive-action-visible woo-archive-btn-button product-loop-boxed woo-archive-image-hover-flip\"><a href=\"https:\/\/itzufishing.com\/es\/producto\/half-day-inshore-nearshore-fishing-trip-4-hours-in-banderas-bay\/\" class=\"wc-block-grid__product-link woocommerce-loop-image-link woocommerce-LoopProduct-link woocommerce-loop-product__link\">\n\t\t\t\t\t<img decoding=\"async\" width=\"300\" height=\"300\" src=\"https:\/\/itzufishing.com\/wp-content\/uploads\/2025\/10\/about-3-1-300x300.jpg\" class=\"attachment-woocommerce_thumbnail size-woocommerce_thumbnail inwp-archive-product-image\" alt=\"Tour de Pesca de Medio D\u00eda en Bah\u00eda de Banderas \u2013 4 Horas\" srcset=\"https:\/\/itzufishing.com\/wp-content\/uploads\/2025\/10\/about-3-1-300x300.jpg 300w, https:\/\/itzufishing.com\/wp-content\/uploads\/2025\/10\/about-3-1-150x150.jpg 150w, https:\/\/itzufishing.com\/wp-content\/uploads\/2025\/10\/about-3-1-100x100.jpg 100w, https:\/\/itzufishing.com\/wp-content\/uploads\/2025\/10\/about-3-1-50x50.jpg 50w\" sizes=\"(max-width: 300px) 100vw, 300px\" \/>\n\t\t\t\t\t\n\t\t\t\t<\/a>\n\t\t\t\t<div class=\"product-details content-bg entry-content-wrap\">\n\t\t\t\t\t<a href=\"https:\/\/itzufishing.com\/es\/producto\/half-day-inshore-nearshore-fishing-trip-4-hours-in-banderas-bay\/\" class=\"wc-block-grid__product-title-link\">\n\t\t\t\t\t\t<div class=\"wc-block-grid__product-title\">Tour de Pesca de Medio D\u00eda en Bah\u00eda de Banderas \u2013 4 Horas<\/div>\n\t\t\t\t\t<\/a>\n\t\t\t\t\t\n\t\t\t\t\t<div class=\"wc-block-grid__product-price price\"><span class=\"woocommerce-Price-amount amount\"><span class=\"woocommerce-Price-currencySymbol\">$<\/span> 6,500.00 MXN<\/span><\/div>\n\t\t\t\t\t<div class=\"wp-block-button wc-block-grid__product-add-to-cart\"><a href=\"https:\/\/itzufishing.com\/es\/producto\/half-day-inshore-nearshore-fishing-trip-4-hours-in-banderas-bay\/\" aria-label=\"Lee m\u00e1s sobre &ldquo;Tour de Pesca de Medio D\u00eda en Bah\u00eda de Banderas \u2013 4 Horas&rdquo;\" data-quantity=\"1\" data-product_id=\"1167\" data-product_sku=\"\" rel=\"nofollow\" class=\"wp-block-button__link add_to_cart_button\">Leer m\u00e1s<span class=\"googly-svg-iconset svg-baseline\"><svg class=\"googly-svg-icon googly-spinner-svg\" fill=\"currentColor\" version=\"1.1\" xmlns=\"http:\/\/www.w3.org\/2000\/svg\" width=\"16\" height=\"16\" viewBox=\"0 0 16 16\"><title>Cargando<\/title><path d=\"M16 6h-6l2.243-2.243c-1.133-1.133-2.64-1.757-4.243-1.757s-3.109 0.624-4.243 1.757c-1.133 1.133-1.757 2.64-1.757 4.243s0.624 3.109 1.757 4.243c1.133 1.133 2.64 1.757 4.243 1.757s3.109-0.624 4.243-1.757c0.095-0.095 0.185-0.192 0.273-0.292l1.505 1.317c-1.466 1.674-3.62 2.732-6.020 2.732-4.418 0-8-3.582-8-8s3.582-8 8-8c2.209 0 4.209 0.896 5.656 2.344l2.343-2.344v6z\"><\/path>\n\t\t\t\t<\/svg><\/span><span class=\"googly-svg-iconset svg-baseline\"><svg class=\"googly-svg-icon googly-check-svg\" fill=\"currentColor\" version=\"1.1\" xmlns=\"http:\/\/www.w3.org\/2000\/svg\" width=\"16\" height=\"16\" viewBox=\"0 0 16 16\"><title>Hecho<\/title><path d=\"M14 2.5l-8.5 8.5-3.5-3.5-1.5 1.5 5 5 10-10z\"><\/path>\n\t\t\t\t<\/svg><\/span><\/a><\/div>\n\t\t\t\t<\/div>\n\t\t\t<\/li><li class=\"wc-block-grid__product entry loop-entry content-bg woo-archive-action-visible woo-archive-btn-button product-loop-boxed woo-archive-image-hover-flip\"><a href=\"https:\/\/itzufishing.com\/es\/producto\/5-hour-inshore-nearshore-fishing-trip-banderas-bay\/\" class=\"wc-block-grid__product-link woocommerce-loop-image-link woocommerce-LoopProduct-link woocommerce-loop-product__link product-has-hover-image\">\n\t\t\t\t\t<img decoding=\"async\" width=\"300\" height=\"300\" src=\"https:\/\/itzufishing.com\/wp-content\/uploads\/2025\/08\/20241115_083355-1-300x300.jpg\" class=\"attachment-woocommerce_thumbnail size-woocommerce_thumbnail inwp-archive-product-image\" alt=\"Pesca de 5 horas Inshore\/Nearshore \u2013 Bah\u00eda de Banderas\" srcset=\"https:\/\/itzufishing.com\/wp-content\/uploads\/2025\/08\/20241115_083355-1-300x300.jpg 300w, https:\/\/itzufishing.com\/wp-content\/uploads\/2025\/08\/20241115_083355-1-100x100.jpg 100w, https:\/\/itzufishing.com\/wp-content\/uploads\/2025\/08\/20241115_083355-1-150x150.jpg 150w, https:\/\/itzufishing.com\/wp-content\/uploads\/2025\/08\/20241115_083355-1-50x50.jpg 50w\" sizes=\"(max-width: 300px) 100vw, 300px\" \/>\n\t\t\t\t\t<img loading=\"lazy\" decoding=\"async\" width=\"300\" height=\"300\" src=\"https:\/\/itzufishing.com\/wp-content\/uploads\/2025\/08\/20241115_083355-1-300x300.jpg\" class=\"secondary-product-image attachment-woocommerce_thumbnail attachment-shop-catalog wp-post-image wp-post-image--secondary inwp-archive-product-image\" alt=\"\" title=\"20241115_083355 (1)\" srcset=\"https:\/\/itzufishing.com\/wp-content\/uploads\/2025\/08\/20241115_083355-1-300x300.jpg 300w, https:\/\/itzufishing.com\/wp-content\/uploads\/2025\/08\/20241115_083355-1-100x100.jpg 100w, https:\/\/itzufishing.com\/wp-content\/uploads\/2025\/08\/20241115_083355-1-150x150.jpg 150w, https:\/\/itzufishing.com\/wp-content\/uploads\/2025\/08\/20241115_083355-1-50x50.jpg 50w\" sizes=\"(max-width: 300px) 100vw, 300px\" \/>\n\t\t\t\t<\/a>\n\t\t\t\t<div class=\"product-details content-bg entry-content-wrap\">\n\t\t\t\t\t<a href=\"https:\/\/itzufishing.com\/es\/producto\/5-hour-inshore-nearshore-fishing-trip-banderas-bay\/\" class=\"wc-block-grid__product-title-link\">\n\t\t\t\t\t\t<div class=\"wc-block-grid__product-title\">Pesca de 5 horas Inshore\/Nearshore \u2013 Bah\u00eda de Banderas<\/div>\n\t\t\t\t\t<\/a>\n\t\t\t\t\t\n\t\t\t\t\t<div class=\"wc-block-grid__product-price price\"><span class=\"woocommerce-Price-amount amount\"><span class=\"woocommerce-Price-currencySymbol\">$<\/span> 8,500.00 MXN<\/span><\/div>\n\t\t\t\t\t<div class=\"wp-block-button wc-block-grid__product-add-to-cart\"><a href=\"https:\/\/itzufishing.com\/es\/producto\/5-hour-inshore-nearshore-fishing-trip-banderas-bay\/\" aria-label=\"Lee m\u00e1s sobre &ldquo;Pesca de 5 horas Inshore\/Nearshore \u2013 Bah\u00eda de Banderas&rdquo;\" data-quantity=\"1\" data-product_id=\"1163\" data-product_sku=\"\" rel=\"nofollow\" class=\"wp-block-button__link add_to_cart_button\">Leer m\u00e1s<span class=\"googly-svg-iconset svg-baseline\"><svg class=\"googly-svg-icon googly-spinner-svg\" fill=\"currentColor\" version=\"1.1\" xmlns=\"http:\/\/www.w3.org\/2000\/svg\" width=\"16\" height=\"16\" viewBox=\"0 0 16 16\"><title>Cargando<\/title><path d=\"M16 6h-6l2.243-2.243c-1.133-1.133-2.64-1.757-4.243-1.757s-3.109 0.624-4.243 1.757c-1.133 1.133-1.757 2.64-1.757 4.243s0.624 3.109 1.757 4.243c1.133 1.133 2.64 1.757 4.243 1.757s3.109-0.624 4.243-1.757c0.095-0.095 0.185-0.192 0.273-0.292l1.505 1.317c-1.466 1.674-3.62 2.732-6.020 2.732-4.418 0-8-3.582-8-8s3.582-8 8-8c2.209 0 4.209 0.896 5.656 2.344l2.343-2.344v6z\"><\/path>\n\t\t\t\t<\/svg><\/span><span class=\"googly-svg-iconset svg-baseline\"><svg class=\"googly-svg-icon googly-check-svg\" fill=\"currentColor\" version=\"1.1\" xmlns=\"http:\/\/www.w3.org\/2000\/svg\" width=\"16\" height=\"16\" viewBox=\"0 0 16 16\"><title>Hecho<\/title><path d=\"M14 2.5l-8.5 8.5-3.5-3.5-1.5 1.5 5 5 10-10z\"><\/path>\n\t\t\t\t<\/svg><\/span><\/a><\/div>\n\t\t\t\t<\/div>\n\t\t\t<\/li><li class=\"wc-block-grid__product entry loop-entry content-bg woo-archive-action-visible woo-archive-btn-button product-loop-boxed woo-archive-image-hover-flip\"><a href=\"https:\/\/itzufishing.com\/es\/producto\/3-4-day-fish-chill-tour-6-hours\/\" class=\"wc-block-grid__product-link woocommerce-loop-image-link woocommerce-LoopProduct-link woocommerce-loop-product__link\">\n\t\t\t\t\t<img loading=\"lazy\" decoding=\"async\" width=\"300\" height=\"300\" src=\"https:\/\/itzufishing.com\/wp-content\/uploads\/2025\/08\/IM700252-1-300x300.jpg\" class=\"attachment-woocommerce_thumbnail size-woocommerce_thumbnail inwp-archive-product-image\" alt=\"Tour de Pesca y Relajaci\u00f3n 3\/4 D\u00eda \u2013 6 Horas\" srcset=\"https:\/\/itzufishing.com\/wp-content\/uploads\/2025\/08\/IM700252-1-300x300.jpg 300w, https:\/\/itzufishing.com\/wp-content\/uploads\/2025\/08\/IM700252-1-100x100.jpg 100w, https:\/\/itzufishing.com\/wp-content\/uploads\/2025\/08\/IM700252-1-150x150.jpg 150w, https:\/\/itzufishing.com\/wp-content\/uploads\/2025\/08\/IM700252-1-50x50.jpg 50w\" sizes=\"(max-width: 300px) 100vw, 300px\" \/>\n\t\t\t\t\t\n\t\t\t\t<\/a>\n\t\t\t\t<div class=\"product-details content-bg entry-content-wrap\">\n\t\t\t\t\t<a href=\"https:\/\/itzufishing.com\/es\/producto\/3-4-day-fish-chill-tour-6-hours\/\" class=\"wc-block-grid__product-title-link\">\n\t\t\t\t\t\t<div class=\"wc-block-grid__product-title\">Tour de Pesca y Relajaci\u00f3n 3\/4 D\u00eda \u2013 6 Horas<\/div>\n\t\t\t\t\t<\/a>\n\t\t\t\t\t\n\t\t\t\t\t<div class=\"wc-block-grid__product-price price\"><span class=\"woocommerce-Price-amount amount\"><span class=\"woocommerce-Price-currencySymbol\">$<\/span> 9,500.00 MXN<\/span><\/div>\n\t\t\t\t\t<div class=\"wp-block-button wc-block-grid__product-add-to-cart\"><a href=\"https:\/\/itzufishing.com\/es\/producto\/3-4-day-fish-chill-tour-6-hours\/\" aria-label=\"Lee m\u00e1s sobre &ldquo;Tour de Pesca y Relajaci\u00f3n 3\/4 D\u00eda \u2013 6 Horas&rdquo;\" data-quantity=\"1\" data-product_id=\"1159\" data-product_sku=\"\" rel=\"nofollow\" class=\"wp-block-button__link add_to_cart_button\">Leer m\u00e1s<span class=\"googly-svg-iconset svg-baseline\"><svg class=\"googly-svg-icon googly-spinner-svg\" fill=\"currentColor\" version=\"1.1\" xmlns=\"http:\/\/www.w3.org\/2000\/svg\" width=\"16\" height=\"16\" viewBox=\"0 0 16 16\"><title>Cargando<\/title><path d=\"M16 6h-6l2.243-2.243c-1.133-1.133-2.64-1.757-4.243-1.757s-3.109 0.624-4.243 1.757c-1.133 1.133-1.757 2.64-1.757 4.243s0.624 3.109 1.757 4.243c1.133 1.133 2.64 1.757 4.243 1.757s3.109-0.624 4.243-1.757c0.095-0.095 0.185-0.192 0.273-0.292l1.505 1.317c-1.466 1.674-3.62 2.732-6.020 2.732-4.418 0-8-3.582-8-8s3.582-8 8-8c2.209 0 4.209 0.896 5.656 2.344l2.343-2.344v6z\"><\/path>\n\t\t\t\t<\/svg><\/span><span class=\"googly-svg-iconset svg-baseline\"><svg class=\"googly-svg-icon googly-check-svg\" fill=\"currentColor\" version=\"1.1\" xmlns=\"http:\/\/www.w3.org\/2000\/svg\" width=\"16\" height=\"16\" viewBox=\"0 0 16 16\"><title>Hecho<\/title><path d=\"M14 2.5l-8.5 8.5-3.5-3.5-1.5 1.5 5 5 10-10z\"><\/path>\n\t\t\t\t<\/svg><\/span><\/a><\/div>\n\t\t\t\t<\/div>\n\t\t\t<\/li><\/ul><\/div><\/div>\n<\/div>\n","protected":false},"excerpt":{"rendered":"","protected":false},"author":1,"featured_media":0,"parent":0,"menu_order":0,"comment_status":"closed","ping_status":"closed","template":"","meta":{"_kad_post_transparent":"","_kad_post_title":"","_kad_post_layout":"","_kad_post_sidebar_id":"","_kad_post_content_style":"","_kad_post_vertical_padding":"","_kad_post_feature":"","_kad_post_feature_position":"","_kad_post_header":false,"_kad_post_footer":false,"_joinchat":[],"footnotes":""},"class_list":["post-904","page","type-page","status-publish","hentry"],"aioseo_notices":[],"_links":{"self":[{"href":"https:\/\/itzufishing.com\/es\/wp-json\/wp\/v2\/pages\/904","targetHints":{"allow":["GET"]}}],"collection":[{"href":"https:\/\/itzufishing.com\/es\/wp-json\/wp\/v2\/pages"}],"about":[{"href":"https:\/\/itzufishing.com\/es\/wp-json\/wp\/v2\/types\/page"}],"author":[{"embeddable":true,"href":"https:\/\/itzufishing.com\/es\/wp-json\/wp\/v2\/users\/1"}],"replies":[{"embeddable":true,"href":"https:\/\/itzufishing.com\/es\/wp-json\/wp\/v2\/comments?post=904"}],"version-history":[{"count":0,"href":"https:\/\/itzufishing.com\/es\/wp-json\/wp\/v2\/pages\/904\/revisions"}],"wp:attachment":[{"href":"https:\/\/itzufishing.com\/es\/wp-json\/wp\/v2\/media?parent=904"}],"curies":[{"name":"wp","href":"https:\/\/api.w.org\/{rel}","templated":true}]}}