{"id":1242,"date":"2025-11-04T00:41:58","date_gmt":"2025-11-04T06:41:58","guid":{"rendered":"https:\/\/itzufishing.com\/our-boat-the-super-panga\/"},"modified":"2025-11-04T00:52:58","modified_gmt":"2025-11-04T06:52:58","slug":"our-boat-the-super-panga","status":"publish","type":"page","link":"https:\/\/itzufishing.com\/es\/our-boat-the-super-panga\/","title":{"rendered":"Nuestra Embarcaci\u00f3n: La Super Panga"},"content":{"rendered":"\t\t<div data-elementor-type=\"wp-page\" data-elementor-id=\"1242\" class=\"elementor elementor-1242 elementor-1237\" data-elementor-post-type=\"page\">\n\t\t\t\t<div class=\"elementor-element elementor-element-723751b e-con-full e-flex e-con e-parent\" data-id=\"723751b\" data-element_type=\"container\" data-e-type=\"container\">\n\t\t\t\t<div class=\"elementor-element elementor-element-b744470 elementor--h-position-center elementor--v-position-middle elementor-arrows-position-inside elementor-pagination-position-inside elementor-widget elementor-widget-slides\" data-id=\"b744470\" data-element_type=\"widget\" data-e-type=\"widget\" data-settings=\"{&quot;navigation&quot;:&quot;both&quot;,&quot;autoplay&quot;:&quot;yes&quot;,&quot;pause_on_hover&quot;:&quot;yes&quot;,&quot;pause_on_interaction&quot;:&quot;yes&quot;,&quot;autoplay_speed&quot;:5000,&quot;infinite&quot;:&quot;yes&quot;,&quot;transition&quot;:&quot;slide&quot;,&quot;transition_speed&quot;:500}\" data-widget_type=\"slides.default\">\n\t\t\t\t\t\t\t\t\t\t<div class=\"elementor-slides-wrapper elementor-main-swiper swiper\" role=\"region\" aria-roledescription=\"carousel\" aria-label=\"Slides\" dir=\"ltr\" data-animation=\"fadeInUp\">\n\t\t\t\t<div class=\"swiper-wrapper elementor-slides\">\n\t\t\t\t\t\t\t\t\t\t<div class=\"elementor-repeater-item-52b5272 swiper-slide\" role=\"group\" aria-roledescription=\"slide\"><div class=\"swiper-slide-bg\" role=\"img\" aria-label=\"Itzu fishing puerto vallarta\"><\/div><div class=\"swiper-slide-inner\" ><div class=\"swiper-slide-contents\"><h1 class=\"elementor-slide-heading\">Nuestra Embarcaci\u00f3n: La Super Panga<\/h1><\/div><\/div><\/div>\t\t\t\t<\/div>\n\t\t\t\t\t\t\t<\/div>\n\t\t\t\t\t\t\t\t<\/div>\n\t\t\t\t<\/div>\n\t\t<div class=\"elementor-element elementor-element-35372a5 e-flex e-con-boxed e-con e-parent\" data-id=\"35372a5\" data-element_type=\"container\" data-e-type=\"container\">\n\t\t\t\t\t<div class=\"e-con-inner\">\n\t\t\t\t<div class=\"elementor-element elementor-element-3ef2902 elementor-widget elementor-widget-heading\" data-id=\"3ef2902\" data-element_type=\"widget\" data-e-type=\"widget\" data-widget_type=\"heading.default\">\n\t\t\t\t\t<h2 class=\"elementor-heading-title elementor-size-default\">Dise\u00f1ada para Confort, Rendimiento y Diversi\u00f3n<\/h2>\t\t\t\t<\/div>\n\t\t\t\t\t<\/div>\n\t\t\t\t<\/div>\n\t\t<div class=\"elementor-element elementor-element-ff2323d e-flex e-con-boxed e-con e-parent\" data-id=\"ff2323d\" data-element_type=\"container\" data-e-type=\"container\">\n\t\t\t\t\t<div class=\"e-con-inner\">\n\t\t\t\t<div class=\"elementor-element elementor-element-4c0a1cf elementor-widget elementor-widget-text-editor\" data-id=\"4c0a1cf\" data-element_type=\"widget\" data-e-type=\"widget\" data-widget_type=\"text-editor.default\">\n\t\t\t\t\t\t\t\t\t<p><span style=\"font-weight: 400;\">Prep\u00e1rate para experimentar las aguas de Puerto Vallarta a bordo de nuestra excepcional <\/span><b>Super Panga de 30 pies tipo Consola Central<\/b><span style=\"font-weight: 400;\">. Esta <\/span><b>embarcaci\u00f3n completamente nueva<\/b><span style=\"font-weight: 400;\"> est\u00e1 especialmente dise\u00f1ada con una <\/span><b>proa y popa amplias<\/b><span style=\"font-weight: 400;\">, proporcionando un espacio generoso y estabilidad para un viaje c\u00f3modo, ya sea que est\u00e9s pescando o simplemente navegando.<\/span><\/p><h3><b>Potencia y Caracter\u00edsticas<\/b><\/h3><p><span style=\"font-weight: 400;\">Nuestra Super Panga est\u00e1 impulsada por <\/span><b>dos motores Yamaha de 115 hp<\/b><span style=\"font-weight: 400;\">, asegurando un viaje suave, confiable y potente. Construida pensando en el pescador serio y el explorador, cuenta con:<\/span><\/p><ul><li style=\"font-weight: 400;\" aria-level=\"1\"><b>(4) Pozos para At\u00fan Integrados:<\/b><span style=\"font-weight: 400;\"> Mant\u00e9n tu captura en \u00f3ptimas condiciones.<\/span><\/li><li style=\"font-weight: 400;\" aria-level=\"1\"><b>Vivero XL para Carnada Viva:<\/b><span style=\"font-weight: 400;\"> Asegura que siempre tengas carnada fresca para la mejor acci\u00f3n de pesca.<\/span><\/li><li style=\"font-weight: 400;\" aria-level=\"1\"><b>Caja de Pesca y Hielera Integradas:<\/b><span style=\"font-weight: 400;\"> Amplio espacio para mantener tus bebidas fr\u00edas y tu pesca fresca.<\/span><\/li><\/ul><h3><b>Comodidades a Bordo<\/b><\/h3><p><span style=\"font-weight: 400;\">Hemos equipado nuestra lancha pensando en tu comodidad:<\/span><\/p><ul><li style=\"font-weight: 400;\" aria-level=\"1\"><b>Asientos Tapizados C\u00f3modos (Delanteros y Traseros):<\/b><span style=\"font-weight: 400;\"> Rel\u00e1jate y disfruta de las vistas con asientos acolchados.<\/span><\/li><li style=\"font-weight: 400;\" aria-level=\"1\"><b>Amplia Sombra:<\/b><span style=\"font-weight: 400;\"> Mantente fresco y protegido del sol bajo generosas \u00e1reas de sombra.<\/span><\/li><li style=\"font-weight: 400;\" aria-level=\"1\"><b>Sanitario Privado:<\/b><span style=\"font-weight: 400;\"> Disfruta de la conveniencia de un ba\u00f1o privado a bordo.<\/span><\/li><li style=\"font-weight: 400;\" aria-level=\"1\"><b>Hielera Port\u00e1til con Hielo:<\/b><span style=\"font-weight: 400;\"> Lista para tus bebidas y snacks.<\/span><\/li><li style=\"font-weight: 400;\" aria-level=\"1\"><b>Botellas de Agua:<\/b><span style=\"font-weight: 400;\"> Te proporcionamos refrescante agua embotellada para mantenerte hidratado.<\/span><\/li><\/ul><h3><b>Capacidad<\/b><\/h3><p><span style=\"font-weight: 400;\">Nuestra Super Panga es perfecta para grupos:<\/span><\/p><ul><li style=\"font-weight: 400;\" aria-level=\"1\"><b>Acomoda c\u00f3modamente a 8 personas,<\/b><span style=\"font-weight: 400;\"> asegurando que todos tengan espacio para relajarse y moverse.<\/span><\/li><li style=\"font-weight: 400;\" aria-level=\"1\"><b>Capacidad m\u00e1xima de 12 personas,<\/b><span style=\"font-weight: 400;\"> ideal para familias m\u00e1s grandes o grupos de amigos.<\/span><\/li><\/ul>\t\t\t\t\t\t\t\t<\/div>\n\t\t\t\t\t<\/div>\n\t\t\t\t<\/div>\n\t\t<div class=\"elementor-element elementor-element-26df411 e-flex e-con-boxed e-con e-parent\" data-id=\"26df411\" data-element_type=\"container\" data-e-type=\"container\">\n\t\t\t\t\t<div class=\"e-con-inner\">\n\t\t\t\t<div class=\"elementor-element elementor-element-3f0f492 elementor-skin-carousel elementor-arrows-yes elementor-pagination-type-bullets elementor-pagination-position-outside elementor-widget elementor-widget-media-carousel\" data-id=\"3f0f492\" data-element_type=\"widget\" data-e-type=\"widget\" data-settings=\"{&quot;skin&quot;:&quot;carousel&quot;,&quot;effect&quot;:&quot;slide&quot;,&quot;show_arrows&quot;:&quot;yes&quot;,&quot;pagination&quot;:&quot;bullets&quot;,&quot;speed&quot;:500,&quot;autoplay&quot;:&quot;yes&quot;,&quot;autoplay_speed&quot;:5000,&quot;loop&quot;:&quot;yes&quot;,&quot;pause_on_hover&quot;:&quot;yes&quot;,&quot;pause_on_interaction&quot;:&quot;yes&quot;,&quot;space_between&quot;:{&quot;unit&quot;:&quot;px&quot;,&quot;size&quot;:10,&quot;sizes&quot;:[]},&quot;space_between_tablet&quot;:{&quot;unit&quot;:&quot;px&quot;,&quot;size&quot;:10,&quot;sizes&quot;:[]},&quot;space_between_mobile&quot;:{&quot;unit&quot;:&quot;px&quot;,&quot;size&quot;:10,&quot;sizes&quot;:[]}}\" data-widget_type=\"media-carousel.default\">\n\t\t\t\t\t\t\t\t\t\t<div class=\"elementor-main-swiper swiper\" role=\"region\" aria-roledescription=\"carousel\" aria-label=\"Slides\">\n\t\t\t\t<div class=\"swiper-wrapper\">\n\t\t\t\t\t\t\t\t\t\t\t<div class=\"swiper-slide\" role=\"group\" aria-roledescription=\"slide\">\n\t\t\t\t\t\t\t\t\t<div class=\"elementor-carousel-image\" role=\"img\" aria-label=\"featured-home\" style=\"background-image: url(&#039;https:\/\/itzufishing.com\/wp-content\/uploads\/2025\/10\/featured-home.jpg&#039;)\">\n\n\t\t\t\n\t\t\t\t\t<\/div>\n\t\t\t\t\t\t\t\t<\/div>\n\t\t\t\t\t\t\t\t\t\t\t<div class=\"swiper-slide\" role=\"group\" aria-roledescription=\"slide\">\n\t\t\t\t\t\t\t\t\t<div class=\"elementor-carousel-image\" role=\"img\" aria-label=\"Itzu fishing puerto vallarta\" style=\"background-image: url(&#039;https:\/\/itzufishing.com\/wp-content\/uploads\/2025\/10\/itzu-gallery-2.jpg&#039;)\">\n\n\t\t\t\n\t\t\t\t\t<\/div>\n\t\t\t\t\t\t\t\t<\/div>\n\t\t\t\t\t\t\t\t\t\t\t<div class=\"swiper-slide\" role=\"group\" aria-roledescription=\"slide\">\n\t\t\t\t\t\t\t\t\t<div class=\"elementor-carousel-image\" role=\"img\" aria-label=\"Itzu fishing puerto vallarta\" style=\"background-image: url(&#039;https:\/\/itzufishing.com\/wp-content\/uploads\/2025\/10\/itzu-gallery-16.jpg&#039;)\">\n\n\t\t\t\n\t\t\t\t\t<\/div>\n\t\t\t\t\t\t\t\t<\/div>\n\t\t\t\t\t\t\t\t\t\t\t<div class=\"swiper-slide\" role=\"group\" aria-roledescription=\"slide\">\n\t\t\t\t\t\t\t\t\t<div class=\"elementor-carousel-image\" role=\"img\" aria-label=\"Itzu fishing puerto vallarta\" style=\"background-image: url(&#039;https:\/\/itzufishing.com\/wp-content\/uploads\/2025\/10\/itzu-gallery-13.jpg&#039;)\">\n\n\t\t\t\n\t\t\t\t\t<\/div>\n\t\t\t\t\t\t\t\t<\/div>\n\t\t\t\t\t\t\t\t\t\t\t<div class=\"swiper-slide\" role=\"group\" aria-roledescription=\"slide\">\n\t\t\t\t\t\t\t\t\t<div class=\"elementor-carousel-image\" role=\"img\" aria-label=\"Itzu fishing puerto vallarta\" style=\"background-image: url(&#039;https:\/\/itzufishing.com\/wp-content\/uploads\/2025\/10\/itzu-gallery-9.jpg&#039;)\">\n\n\t\t\t\n\t\t\t\t\t<\/div>\n\t\t\t\t\t\t\t\t<\/div>\n\t\t\t\t\t\t\t\t\t<\/div>\n\t\t\t\t\t\t\t\t\t\t\t\t\t\t\t<div class=\"elementor-swiper-button elementor-swiper-button-prev\" role=\"button\" tabindex=\"0\" aria-label=\"Previous\">\n\t\t\t\t\t\t\t<svg aria-hidden=\"true\" class=\"e-font-icon-svg e-eicon-chevron-left\" viewBox=\"0 0 1000 1000\" xmlns=\"http:\/\/www.w3.org\/2000\/svg\"><path d=\"M646 125C629 125 613 133 604 142L308 442C296 454 292 471 292 487 292 504 296 521 308 533L604 854C617 867 629 875 646 875 663 875 679 871 692 858 704 846 713 829 713 812 713 796 708 779 692 767L438 487 692 225C700 217 708 204 708 187 708 171 704 154 692 142 675 129 663 125 646 125Z\"><\/path><\/svg>\t\t\t\t\t\t<\/div>\n\t\t\t\t\t\t<div class=\"elementor-swiper-button elementor-swiper-button-next\" role=\"button\" tabindex=\"0\" aria-label=\"Next\">\n\t\t\t\t\t\t\t<svg aria-hidden=\"true\" class=\"e-font-icon-svg e-eicon-chevron-right\" viewBox=\"0 0 1000 1000\" xmlns=\"http:\/\/www.w3.org\/2000\/svg\"><path d=\"M696 533C708 521 713 504 713 487 713 471 708 454 696 446L400 146C388 133 375 125 354 125 338 125 325 129 313 142 300 154 292 171 292 187 292 204 296 221 308 233L563 492 304 771C292 783 288 800 288 817 288 833 296 850 308 863 321 871 338 875 354 875 371 875 388 867 400 854L696 533Z\"><\/path><\/svg>\t\t\t\t\t\t<\/div>\n\t\t\t\t\t\t\t\t\t\t\t\t\t\t\t\t<div class=\"swiper-pagination\"><\/div>\n\t\t\t\t\t\t\t\t\t\t\t\t<\/div>\n\t\t\t\t\t\t\t\t<\/div>\n\t\t\t\t\t<\/div>\n\t\t\t\t<\/div>\n\t\t\t\t<\/div>\n\t\t","protected":false},"excerpt":{"rendered":"<p>Nuestra Embarcaci\u00f3n: La Super Panga Dise\u00f1ada para Confort, Rendimiento y Diversi\u00f3n Prep\u00e1rate para experimentar las aguas de Puerto Vallarta a bordo de nuestra excepcional Super Panga de 30 pies tipo Consola Central. Esta embarcaci\u00f3n completamente nueva est\u00e1 especialmente dise\u00f1ada con una proa y popa amplias, proporcionando un espacio generoso y estabilidad para un viaje c\u00f3modo,&#8230;<\/p>\n","protected":false},"author":1,"featured_media":1054,"parent":0,"menu_order":0,"comment_status":"closed","ping_status":"closed","template":"","meta":{"_kad_post_transparent":"","_kad_post_title":"hide","_kad_post_layout":"fullwidth","_kad_post_sidebar_id":"","_kad_post_content_style":"unboxed","_kad_post_vertical_padding":"hide","_kad_post_feature":"hide","_kad_post_feature_position":"","_kad_post_header":false,"_kad_post_footer":false,"_joinchat":[],"footnotes":""},"class_list":["post-1242","page","type-page","status-publish","has-post-thumbnail","hentry"],"aioseo_notices":[],"_links":{"self":[{"href":"https:\/\/itzufishing.com\/es\/wp-json\/wp\/v2\/pages\/1242","targetHints":{"allow":["GET"]}}],"collection":[{"href":"https:\/\/itzufishing.com\/es\/wp-json\/wp\/v2\/pages"}],"about":[{"href":"https:\/\/itzufishing.com\/es\/wp-json\/wp\/v2\/types\/page"}],"author":[{"embeddable":true,"href":"https:\/\/itzufishing.com\/es\/wp-json\/wp\/v2\/users\/1"}],"replies":[{"embeddable":true,"href":"https:\/\/itzufishing.com\/es\/wp-json\/wp\/v2\/comments?post=1242"}],"version-history":[{"count":5,"href":"https:\/\/itzufishing.com\/es\/wp-json\/wp\/v2\/pages\/1242\/revisions"}],"predecessor-version":[{"id":1247,"href":"https:\/\/itzufishing.com\/es\/wp-json\/wp\/v2\/pages\/1242\/revisions\/1247"}],"wp:featuredmedia":[{"embeddable":true,"href":"https:\/\/itzufishing.com\/es\/wp-json\/wp\/v2\/media\/1054"}],"wp:attachment":[{"href":"https:\/\/itzufishing.com\/es\/wp-json\/wp\/v2\/media?parent=1242"}],"curies":[{"name":"wp","href":"https:\/\/api.w.org\/{rel}","templated":true}]}}