{"id":1032,"date":"2024-05-22T05:45:26","date_gmt":"2024-05-22T11:45:26","guid":{"rendered":"https:\/\/itzufishing.com\/about-us\/"},"modified":"2025-10-19T18:19:14","modified_gmt":"2025-10-20T00:19:14","slug":"about-us","status":"publish","type":"page","link":"https:\/\/itzufishing.com\/es\/about-us\/","title":{"rendered":"Qui\u00e9nes Somos"},"content":{"rendered":"\t\t<div data-elementor-type=\"wp-page\" data-elementor-id=\"1032\" class=\"elementor elementor-1032 elementor-322\" data-elementor-post-type=\"page\">\n\t\t\t\t\t\t<section class=\"elementor-section elementor-top-section elementor-element elementor-element-98df27a animated-slow elementor-section-boxed elementor-section-height-default elementor-section-height-default elementor-invisible\" data-id=\"98df27a\" data-element_type=\"section\" data-e-type=\"section\" data-settings=\"{&quot;animation&quot;:&quot;fadeIn&quot;}\">\n\t\t\t\t\t\t<div class=\"elementor-container elementor-column-gap-default\">\n\t\t\t\t\t<div class=\"elementor-column elementor-col-50 elementor-top-column elementor-element elementor-element-a139723\" data-id=\"a139723\" data-element_type=\"column\" data-e-type=\"column\">\n\t\t\t<div class=\"elementor-widget-wrap elementor-element-populated\">\n\t\t\t\t\t\t<div class=\"elementor-element elementor-element-4760aef elementor-widget elementor-widget-image\" data-id=\"4760aef\" data-element_type=\"widget\" data-e-type=\"widget\" data-widget_type=\"image.default\">\n\t\t\t\t\t\t\t\t\t\t\t\t\t\t\t<img fetchpriority=\"high\" decoding=\"async\" width=\"1500\" height=\"1000\" src=\"https:\/\/itzufishing.com\/wp-content\/uploads\/2025\/09\/IM700338-1.jpg\" class=\"attachment-full size-full wp-image-1033 inwp-archive-product-image\" alt=\"\" srcset=\"https:\/\/itzufishing.com\/wp-content\/uploads\/2025\/09\/IM700338-1.jpg 1500w, https:\/\/itzufishing.com\/wp-content\/uploads\/2025\/09\/IM700338-1-300x200.jpg 300w, https:\/\/itzufishing.com\/wp-content\/uploads\/2025\/09\/IM700338-1-1024x683.jpg 1024w, https:\/\/itzufishing.com\/wp-content\/uploads\/2025\/09\/IM700338-1-768x512.jpg 768w, https:\/\/itzufishing.com\/wp-content\/uploads\/2025\/09\/IM700338-1-1200x800.jpg 1200w\" sizes=\"(max-width: 1500px) 100vw, 1500px\" \/>\t\t\t\t\t\t\t\t\t\t\t\t\t\t\t<\/div>\n\t\t\t\t\t<\/div>\n\t\t<\/div>\n\t\t\t\t<div class=\"elementor-column elementor-col-50 elementor-top-column elementor-element elementor-element-4b01475\" data-id=\"4b01475\" data-element_type=\"column\" data-e-type=\"column\" data-settings=\"{&quot;background_background&quot;:&quot;classic&quot;}\">\n\t\t\t<div class=\"elementor-widget-wrap elementor-element-populated\">\n\t\t\t\t\t<div class=\"elementor-background-overlay\"><\/div>\n\t\t\t\t\t\t<div class=\"elementor-element elementor-element-83b6291 elementor-widget elementor-widget-heading\" data-id=\"83b6291\" data-element_type=\"widget\" data-e-type=\"widget\" data-widget_type=\"heading.default\">\n\t\t\t\t\t<h2 class=\"elementor-heading-title elementor-size-default\">Tu Socio de Confianza para Aventuras Oce\u00e1nicas\n<\/h2>\t\t\t\t<\/div>\n\t\t\t\t<div class=\"elementor-element elementor-element-93d1eeb elementor-widget elementor-widget-text-editor\" data-id=\"93d1eeb\" data-element_type=\"widget\" data-e-type=\"widget\" data-widget_type=\"text-editor.default\">\n\t\t\t\t\t\t\t\t\t<p>En Sportfishing &amp; Tours, nos apasiona compartir la magia del oc\u00e9ano de Puerto Vallarta contigo. Nuestro compromiso es brindarte experiencias seguras, emocionantes e inolvidables en el agua.<\/p>\t\t\t\t\t\t\t\t<\/div>\n\t\t\t\t\t<\/div>\n\t\t<\/div>\n\t\t\t\t\t<\/div>\n\t\t<\/section>\n\t\t\t\t<section class=\"elementor-section elementor-top-section elementor-element elementor-element-3a4a934 elementor-section-full_width elementor-section-stretched animated-slow elementor-section-height-default elementor-section-height-default elementor-invisible\" data-id=\"3a4a934\" data-element_type=\"section\" data-e-type=\"section\" data-settings=\"{&quot;stretch_section&quot;:&quot;section-stretched&quot;,&quot;animation&quot;:&quot;fadeIn&quot;}\">\n\t\t\t\t\t\t<div class=\"elementor-container elementor-column-gap-default\">\n\t\t\t\t\t<div class=\"elementor-column elementor-col-100 elementor-top-column elementor-element elementor-element-2471a27\" data-id=\"2471a27\" data-element_type=\"column\" data-e-type=\"column\">\n\t\t\t<div class=\"elementor-widget-wrap elementor-element-populated\">\n\t\t\t\t\t\t<section class=\"elementor-section elementor-inner-section elementor-element elementor-element-7168bcd elementor-section-full_width elementor-section-height-default elementor-section-height-default\" data-id=\"7168bcd\" data-element_type=\"section\" data-e-type=\"section\">\n\t\t\t\t\t\t<div class=\"elementor-container elementor-column-gap-default\">\n\t\t\t\t\t<div class=\"elementor-column elementor-col-50 elementor-inner-column elementor-element elementor-element-4f33843\" data-id=\"4f33843\" data-element_type=\"column\" data-e-type=\"column\">\n\t\t\t<div class=\"elementor-widget-wrap elementor-element-populated\">\n\t\t\t\t\t\t<div class=\"elementor-element elementor-element-608a4c6 elementor-widget elementor-widget-image\" data-id=\"608a4c6\" data-element_type=\"widget\" data-e-type=\"widget\" data-widget_type=\"image.default\">\n\t\t\t\t\t\t\t\t\t\t\t\t\t\t\t<img decoding=\"async\" width=\"768\" height=\"432\" src=\"https:\/\/itzufishing.com\/wp-content\/uploads\/revslider\/video-media\/Itzu_entrada_17_layer-768x432.jpeg\" class=\"attachment-medium_large size-medium_large wp-image-1035 inwp-archive-product-image\" alt=\"\" srcset=\"https:\/\/itzufishing.com\/wp-content\/uploads\/revslider\/video-media\/Itzu_entrada_17_layer-768x432.jpeg 768w, https:\/\/itzufishing.com\/wp-content\/uploads\/revslider\/video-media\/Itzu_entrada_17_layer-300x169.jpeg 300w, https:\/\/itzufishing.com\/wp-content\/uploads\/revslider\/video-media\/Itzu_entrada_17_layer-1024x576.jpeg 1024w, https:\/\/itzufishing.com\/wp-content\/uploads\/revslider\/video-media\/Itzu_entrada_17_layer-1200x675.jpeg 1200w, https:\/\/itzufishing.com\/wp-content\/uploads\/revslider\/video-media\/Itzu_entrada_17_layer.jpeg 1280w\" sizes=\"(max-width: 768px) 100vw, 768px\" \/>\t\t\t\t\t\t\t\t\t\t\t\t\t\t\t<\/div>\n\t\t\t\t\t<\/div>\n\t\t<\/div>\n\t\t\t\t<div class=\"elementor-column elementor-col-50 elementor-inner-column elementor-element elementor-element-bebcfbc\" data-id=\"bebcfbc\" data-element_type=\"column\" data-e-type=\"column\" data-settings=\"{&quot;background_background&quot;:&quot;classic&quot;}\">\n\t\t\t<div class=\"elementor-widget-wrap elementor-element-populated\">\n\t\t\t\t\t\t<div class=\"elementor-element elementor-element-c702b63 elementor-widget elementor-widget-heading\" data-id=\"c702b63\" data-element_type=\"widget\" data-e-type=\"widget\" data-widget_type=\"heading.default\">\n\t\t\t\t\t<h2 class=\"elementor-heading-title elementor-size-default\">Nuestra Trayectoria en el Agua\n<\/h2>\t\t\t\t<\/div>\n\t\t\t\t<div class=\"elementor-element elementor-element-42a81c7 elementor-widget elementor-widget-text-editor\" data-id=\"42a81c7\" data-element_type=\"widget\" data-e-type=\"widget\" data-widget_type=\"text-editor.default\">\n\t\t\t\t\t\t\t\t\t<p><span style=\"font-weight: 400;\">Sportfishing &amp; Tours <\/span><b>inici\u00f3 sus operaciones en 2016<\/b><span style=\"font-weight: 400;\">, construyendo una reputaci\u00f3n de servicio excepcional y excursiones inolvidables. Sin embargo, \u00a1nuestra experiencia es a\u00fan m\u00e1s profunda! <\/span><b>El Capit\u00e1n Jordan, el orgulloso propietario de nuestra embarcaci\u00f3n, ha estado operando desde 1995<\/b><span style=\"font-weight: 400;\">, aportando casi tres d\u00e9cadas de experiencia inigualable y conocimiento local a cada viaje. Con nosotros, est\u00e1s en manos altamente capaces y experimentadas, asegurando una aventura fluida y exitosa.<\/span><\/p>\t\t\t\t\t\t\t\t<\/div>\n\t\t\t\t\t<\/div>\n\t\t<\/div>\n\t\t\t\t\t<\/div>\n\t\t<\/section>\n\t\t\t\t<section class=\"elementor-section elementor-inner-section elementor-element elementor-element-b90bdb6 elementor-section-full_width elementor-section-height-default elementor-section-height-default\" data-id=\"b90bdb6\" data-element_type=\"section\" data-e-type=\"section\">\n\t\t\t\t\t\t<div class=\"elementor-container elementor-column-gap-default\">\n\t\t\t\t\t<div class=\"elementor-column elementor-col-50 elementor-inner-column elementor-element elementor-element-808da56\" data-id=\"808da56\" data-element_type=\"column\" data-e-type=\"column\" data-settings=\"{&quot;background_background&quot;:&quot;classic&quot;}\">\n\t\t\t<div class=\"elementor-widget-wrap elementor-element-populated\">\n\t\t\t\t\t\t<div class=\"elementor-element elementor-element-6f07962 elementor-widget elementor-widget-heading\" data-id=\"6f07962\" data-element_type=\"widget\" data-e-type=\"widget\" data-widget_type=\"heading.default\">\n\t\t\t\t\t<h2 class=\"elementor-heading-title elementor-size-default\">Conoce a Tu Tripulaci\u00f3n\n<\/h2>\t\t\t\t<\/div>\n\t\t\t\t<div class=\"elementor-element elementor-element-3b112fa elementor-widget elementor-widget-text-editor\" data-id=\"3b112fa\" data-element_type=\"widget\" data-e-type=\"widget\" data-widget_type=\"text-editor.default\">\n\t\t\t\t\t\t\t\t\t<p><span style=\"font-weight: 400;\">Tu seguridad y satisfacci\u00f3n son nuestras principales prioridades. Nuestra tripulaci\u00f3n est\u00e1 compuesta por un <\/span><b>Capit\u00e1n y un Marinero<\/b><span style=\"font-weight: 400;\">, ambos altamente <\/span><b>certificados y con experiencia competente<\/b><span style=\"font-weight: 400;\">. Son <\/span><b>locales de Puerto Vallarta, M\u00e9xico<\/b><span style=\"font-weight: 400;\">, aportando un conocimiento invaluable de estas aguas, sus corrientes y los mejores lugares. Para tu comodidad, <\/span><b>hablan ingl\u00e9s y espa\u00f1ol con fluidez<\/b><span style=\"font-weight: 400;\">, asegurando una comunicaci\u00f3n clara durante toda tu aventura.<\/span><\/p>\t\t\t\t\t\t\t\t<\/div>\n\t\t\t\t\t<\/div>\n\t\t<\/div>\n\t\t\t\t<div class=\"elementor-column elementor-col-50 elementor-inner-column elementor-element elementor-element-c94d8fb\" data-id=\"c94d8fb\" data-element_type=\"column\" data-e-type=\"column\">\n\t\t\t<div class=\"elementor-widget-wrap elementor-element-populated\">\n\t\t\t\t\t\t<div class=\"elementor-element elementor-element-fefb7f1 elementor-widget elementor-widget-image\" data-id=\"fefb7f1\" data-element_type=\"widget\" data-e-type=\"widget\" data-widget_type=\"image.default\">\n\t\t\t\t\t\t\t\t\t\t\t\t\t\t\t<img decoding=\"async\" width=\"1980\" height=\"1320\" src=\"https:\/\/itzufishing.com\/wp-content\/uploads\/2025\/08\/slide-4.jpg\" class=\"attachment-full size-full wp-image-1036 inwp-archive-product-image\" alt=\"\" srcset=\"https:\/\/itzufishing.com\/wp-content\/uploads\/2025\/08\/slide-4.jpg 1980w, https:\/\/itzufishing.com\/wp-content\/uploads\/2025\/08\/slide-4-1200x800.jpg 1200w, https:\/\/itzufishing.com\/wp-content\/uploads\/2025\/08\/slide-4-300x200.jpg 300w, https:\/\/itzufishing.com\/wp-content\/uploads\/2025\/08\/slide-4-1024x683.jpg 1024w, https:\/\/itzufishing.com\/wp-content\/uploads\/2025\/08\/slide-4-768x512.jpg 768w, https:\/\/itzufishing.com\/wp-content\/uploads\/2025\/08\/slide-4-1536x1024.jpg 1536w\" sizes=\"(max-width: 1980px) 100vw, 1980px\" \/>\t\t\t\t\t\t\t\t\t\t\t\t\t\t\t<\/div>\n\t\t\t\t\t<\/div>\n\t\t<\/div>\n\t\t\t\t\t<\/div>\n\t\t<\/section>\n\t\t\t\t<section class=\"elementor-section elementor-inner-section elementor-element elementor-element-82e5915 elementor-section-full_width elementor-section-height-default elementor-section-height-default\" data-id=\"82e5915\" data-element_type=\"section\" data-e-type=\"section\">\n\t\t\t\t\t\t<div class=\"elementor-container elementor-column-gap-default\">\n\t\t\t\t\t<div class=\"elementor-column elementor-col-50 elementor-inner-column elementor-element elementor-element-ccd3e47\" data-id=\"ccd3e47\" data-element_type=\"column\" data-e-type=\"column\">\n\t\t\t<div class=\"elementor-widget-wrap elementor-element-populated\">\n\t\t\t\t\t\t<div class=\"elementor-element elementor-element-d32ce86 elementor-widget elementor-widget-image\" data-id=\"d32ce86\" data-element_type=\"widget\" data-e-type=\"widget\" data-widget_type=\"image.default\">\n\t\t\t\t\t\t\t\t\t\t\t\t\t\t\t<img loading=\"lazy\" decoding=\"async\" width=\"1600\" height=\"1200\" src=\"https:\/\/itzufishing.com\/wp-content\/uploads\/2025\/10\/about-3-1.jpg\" class=\"attachment-full size-full wp-image-1037 inwp-archive-product-image\" alt=\"\" srcset=\"https:\/\/itzufishing.com\/wp-content\/uploads\/2025\/10\/about-3-1.jpg 1600w, https:\/\/itzufishing.com\/wp-content\/uploads\/2025\/10\/about-3-1-300x225.jpg 300w, https:\/\/itzufishing.com\/wp-content\/uploads\/2025\/10\/about-3-1-1024x768.jpg 1024w, https:\/\/itzufishing.com\/wp-content\/uploads\/2025\/10\/about-3-1-768x576.jpg 768w, https:\/\/itzufishing.com\/wp-content\/uploads\/2025\/10\/about-3-1-1536x1152.jpg 1536w, https:\/\/itzufishing.com\/wp-content\/uploads\/2025\/10\/about-3-1-1320x990.jpg 1320w, https:\/\/itzufishing.com\/wp-content\/uploads\/2025\/10\/about-3-1-1200x900.jpg 1200w\" sizes=\"(max-width: 1600px) 100vw, 1600px\" \/>\t\t\t\t\t\t\t\t\t\t\t\t\t\t\t<\/div>\n\t\t\t\t\t<\/div>\n\t\t<\/div>\n\t\t\t\t<div class=\"elementor-column elementor-col-50 elementor-inner-column elementor-element elementor-element-2ea1038\" data-id=\"2ea1038\" data-element_type=\"column\" data-e-type=\"column\" data-settings=\"{&quot;background_background&quot;:&quot;classic&quot;}\">\n\t\t\t<div class=\"elementor-widget-wrap elementor-element-populated\">\n\t\t\t\t\t\t<div class=\"elementor-element elementor-element-dedbe8e elementor-widget elementor-widget-heading\" data-id=\"dedbe8e\" data-element_type=\"widget\" data-e-type=\"widget\" data-widget_type=\"heading.default\">\n\t\t\t\t\t<h2 class=\"elementor-heading-title elementor-size-default\">Nuestro Compromiso con la Seguridad y la Normativa<\/h2>\t\t\t\t<\/div>\n\t\t\t\t<div class=\"elementor-element elementor-element-2d0321b elementor-widget elementor-widget-text-editor\" data-id=\"2d0321b\" data-element_type=\"widget\" data-e-type=\"widget\" data-widget_type=\"text-editor.default\">\n\t\t\t\t\t\t\t\t\t<p><span style=\"font-weight: 400;\">Tu tranquilidad es primordial. Nuestra embarcaci\u00f3n y operaciones cumplen con todos los est\u00e1ndares y regulaciones de seguridad exigidos por la <\/span><b>Capitan\u00eda de Puerto<\/b><span style=\"font-weight: 400;\">. Contamos con todos los permisos y certificaciones oficiales necesarios para operar de manera legal y segura en la bah\u00eda. Nuestro barco est\u00e1 equipado con todo el equipo de seguridad esencial para garantizar un viaje seguro para todos a bordo.<\/span><\/p>\t\t\t\t\t\t\t\t<\/div>\n\t\t\t\t\t<\/div>\n\t\t<\/div>\n\t\t\t\t\t<\/div>\n\t\t<\/section>\n\t\t\t\t\t<\/div>\n\t\t<\/div>\n\t\t\t\t\t<\/div>\n\t\t<\/section>\n\t\t\t\t<\/div>\n\t\t","protected":false},"excerpt":{"rendered":"<p>Tu Socio de Confianza para Aventuras Oce\u00e1nicas En Sportfishing &amp; Tours, nos apasiona compartir la magia del oc\u00e9ano de Puerto Vallarta contigo. Nuestro compromiso es brindarte experiencias seguras, emocionantes e inolvidables en el agua. Nuestra Trayectoria en el Agua Sportfishing &amp; Tours inici\u00f3 sus operaciones en 2016, construyendo una reputaci\u00f3n de servicio excepcional y excursiones&#8230;<\/p>\n","protected":false},"author":1,"featured_media":1036,"parent":0,"menu_order":0,"comment_status":"closed","ping_status":"closed","template":"","meta":{"_kad_post_transparent":"","_kad_post_title":"default","_kad_post_layout":"fullwidth","_kad_post_sidebar_id":"","_kad_post_content_style":"unboxed","_kad_post_vertical_padding":"hide","_kad_post_feature":"default","_kad_post_feature_position":"","_kad_post_header":false,"_kad_post_footer":false,"_joinchat":[],"footnotes":""},"class_list":["post-1032","page","type-page","status-publish","has-post-thumbnail","hentry"],"aioseo_notices":[],"_links":{"self":[{"href":"https:\/\/itzufishing.com\/es\/wp-json\/wp\/v2\/pages\/1032","targetHints":{"allow":["GET"]}}],"collection":[{"href":"https:\/\/itzufishing.com\/es\/wp-json\/wp\/v2\/pages"}],"about":[{"href":"https:\/\/itzufishing.com\/es\/wp-json\/wp\/v2\/types\/page"}],"author":[{"embeddable":true,"href":"https:\/\/itzufishing.com\/es\/wp-json\/wp\/v2\/users\/1"}],"replies":[{"embeddable":true,"href":"https:\/\/itzufishing.com\/es\/wp-json\/wp\/v2\/comments?post=1032"}],"version-history":[{"count":4,"href":"https:\/\/itzufishing.com\/es\/wp-json\/wp\/v2\/pages\/1032\/revisions"}],"predecessor-version":[{"id":1042,"href":"https:\/\/itzufishing.com\/es\/wp-json\/wp\/v2\/pages\/1032\/revisions\/1042"}],"wp:featuredmedia":[{"embeddable":true,"href":"https:\/\/itzufishing.com\/es\/wp-json\/wp\/v2\/media\/1036"}],"wp:attachment":[{"href":"https:\/\/itzufishing.com\/es\/wp-json\/wp\/v2\/media?parent=1032"}],"curies":[{"name":"wp","href":"https:\/\/api.w.org\/{rel}","templated":true}]}}